{"id":4796,"date":"2025-07-29T07:07:01","date_gmt":"2025-07-29T05:07:01","guid":{"rendered":"https:\/\/www.lafontdencarros.es\/departament-urbanisme\/pic-punt-dinformacio-catastral\/"},"modified":"2026-03-23T10:54:31","modified_gmt":"2026-03-23T09:54:31","slug":"pic-punt-dinformacio-catastral","status":"publish","type":"page","link":"https:\/\/www.lafontdencarros.es\/en\/departament-urbanisme\/pic-punt-dinformacio-catastral\/","title":{"rendered":"PIC Punt d\u2019informaci\u00f3 catastral"},"content":{"rendered":"\n<h3 class=\"wp-block-heading\">Punts d&#8217;Informaci\u00f3 Cadastral (PIC)\u00a0<\/h3>\n\n\n\n<p>L&#8217;Ajuntament de la Font d&#8217;en Carr\u00f2s s&#8217;establix com a Punt d&#8217;Informaci\u00f3 Cadastral (PIC) a partir del 21 de gener del 2008. Des d&#8217;eixa data funciona com a entitat autoritzada per a la prestaci\u00f3 del servici de consulta i certificaci\u00f3 de dades cadastrals que consten en la Base de Dades Nacionals del Cadastre. Els requisits per a poder accedir a esta informaci\u00f3 s\u00f3n:\u00a0<\/p>\n\n\n\n<ul class=\"wp-block-list mt-0\">\n<li>Consulta i certificaci\u00f3 de dades cadastrals protegits: ser titular cadastral, el seu representant o persona autoritzada per ell.\u00a0<\/li>\n\n\n\n<li>Consulta i certificaci\u00f3 de dades cadastrals no protegides : lliure acc\u00e9s\u00a0<\/li>\n<\/ul>\n\n\n\n<p>Els certificats emesos pels Punts d&#8217;Informaci\u00f3 Cadastral gaudixen de plena validesa i efic\u00e0cia.\u00a0<\/p>\n\n\n\n<h3 class=\"wp-block-heading\">1. Servicis que oferix el Punt d&#8217;Informaci\u00f3 Cadastral\u00a0<\/h3>\n\n\n\n<p>Servici de consulta lliure i certificaci\u00f3 electr\u00f2nica de dades cadastrals no protegits i de cartografia digital.<\/p>\n\n\n\n<p>Servici de consulta i certificaci\u00f3 electr\u00f2nica per als titulars cadastrals, de dades cadastrals protegides, relatiu als immobles de la seua titularitat.<\/p>\n\n\n\n<p>Servici de certificaci\u00f3 negativa de bens immobles o de la circumst\u00e0ncia de no figurar com titular cadastral, relativa al propi sol\u00b7licitant.<\/p>\n\n\n\n<p>Estos servicis s\u00f3n gratu\u00efts.\u00a0<\/p>\n\n\n\n<h3 class=\"wp-block-heading\">2. Documentaci\u00f3 a presentar per a accedir a les dades cadastrals:\u00a0<\/h3>\n\n\n\n<p>Sol\u00b7licitud degudament omplida.<\/p>\n\n\n\n<p>Acreditaci\u00f3 de la identitat. Document Nacional d&#8217;Identitat.<\/p>\n\n\n\n<p>Acreditaci\u00f3, si \u00e9s el cas, de la representaci\u00f3 o de l&#8217;autoritzaci\u00f3.\u00a0<\/p>\n","protected":false},"excerpt":{"rendered":"<p>Punts d&#8217;Informaci\u00f3 Cadastral (PIC)\u00a0 L&#8217;Ajuntament de la Font d&#8217;en Carr\u00f2s s&#8217;establix com a Punt d&#8217;Informaci\u00f3 Cadastral (PIC) a partir del 21 de gener del 2008. Des d&#8217;eixa data funciona com a entitat autoritzada per a la prestaci\u00f3 del servici de consulta i certificaci\u00f3 de dades cadastrals que consten en la Base de Dades Nacionals del [&hellip;]<\/p>\n","protected":false},"author":1,"featured_media":0,"parent":4792,"menu_order":0,"comment_status":"closed","ping_status":"closed","template":"plantilla-google-maps","meta":{"_acf_changed":false,"_uag_custom_page_level_css":"","footnotes":""},"class_list":["post-4796","page","type-page","status-publish","hentry"],"acf":[],"spectra_custom_meta":{"_wp_page_template":["plantilla-google-maps"],"_icl_lang_duplicate_of":["1338"],"rank_math_internal_links_processed":["1"],"_wpml_word_count":["255"],"_wpml_location_migration_done":["1"],"rank_math_seo_score":["5"],"_uag_custom_page_level_css":[""],"footnotes":[""],"gmaps_subtitulo_debajo_imagen_destacada":[""],"_gmaps_subtitulo_debajo_imagen_destacada":["field_6881e23804d41"],"gmaps_google_maps":["a:14:{s:7:\"address\";s:88:\"Ajuntament de la Font d'en Carr\u00f2s, Pla\u00e7a del Ajuntament, La Font d'en Carr\u00f2s, Espanya\";s:3:\"lat\";d:38.91641539999999821475284988991916179656982421875;s:3:\"lng\";d:-0.169218299999999988170173992330092005431652069091796875;s:4:\"zoom\";i:16;s:8:\"place_id\";s:27:\"ChIJq0ZWlsfoYQ0RQHoC1kRIUH8\";s:4:\"name\";s:34:\"Ajuntament de la Font d'en Carr\u00f2s\";s:13:\"street_number\";s:2:\"22\";s:11:\"street_name\";s:21:\"Pla\u00e7a del Ajuntament\";s:4:\"city\";s:20:\"La Font d'en Carr\u00f2s\";s:5:\"state\";s:20:\"Comunidad Valenciana\";s:11:\"state_short\";s:2:\"VC\";s:9:\"post_code\";s:5:\"46717\";s:7:\"country\";s:7:\"Espanya\";s:13:\"country_short\";s:2:\"ES\";}"],"_gmaps_google_maps":["field_6881e0c104d40"],"gmaps_direccion":["Pla\u00e7a del Ajuntament, 17, (pl. segona de l\u2019ajuntament)  La Font d'en Carr\u00f2s"],"_gmaps_direccion":["field_6881e34104d42"],"gmaps_telefono":["96 283 30 00 EXTENSI\u00d3\u202f4"],"_gmaps_telefono":["field_6881e36104d43"],"gmaps_informacion":[""],"_gmaps_informacion":["field_68872133566b7"],"gmaps_matricula":[""],"_gmaps_matricula":["field_68872147566b8"],"gmaps_periodo":[""],"_gmaps_periodo":["field_68872153566b9"],"gmaps_instagram_titulo":[""],"_gmaps_instagram_titulo":["field_68820dfc9faf5"],"gmaps_titulo_pdf_1":[""],"_gmaps_titulo_pdf_1":["field_688735bf22d15"],"gmaps_subtitulo_pdf_1":[""],"_gmaps_subtitulo_pdf_1":["field_688735fb22d1a"],"gmaps_titulo_pdf_2":[""],"_gmaps_titulo_pdf_2":["field_688735e822d16"],"gmaps_subtitulo_pdf_2":[""],"_gmaps_subtitulo_pdf_2":["field_6887361322d1b"],"gmaps_titulo_pdf_3":[""],"_gmaps_titulo_pdf_3":["field_688735ed22d17"],"gmaps_subtitulo_pdf_3":[""],"_gmaps_subtitulo_pdf_3":["field_6887361822d1c"],"gmaps_titulo_pdf_4":[""],"_gmaps_titulo_pdf_4":["field_688735f022d18"],"gmaps_subtitulo_pdf_4":[""],"_gmaps_subtitulo_pdf_4":["field_6887361d22d1d"],"gmaps_titulo_pdf_5":[""],"_gmaps_titulo_pdf_5":["field_688735f522d19"],"gmaps_subtitulo_pdf_5":[""],"_gmaps_subtitulo_pdf_5":["field_6887362222d1e"],"_wpml_media_duplicate":["1"],"_wpml_media_featured":["1"],"mec_location_id":["0"],"mec_additional_location_ids":["a:0:{}"],"mec_organizer_id":["0"],"mec_additional_organizer_ids":["a:0:{}"]},"uagb_featured_image_src":{"full":false,"thumbnail":false,"medium":false,"medium_large":false,"large":false,"thumblist":false,"thumbrelated":false,"meccarouselthumb":false,"gridsquare":false,"tileview":false,"1536x1536":false,"2048x2048":false},"uagb_author_info":{"display_name":"redaccion","author_link":"https:\/\/www.lafontdencarros.es\/en\/author\/redaccion\/"},"uagb_comment_info":0,"uagb_excerpt":"Punts d&#8217;Informaci\u00f3 Cadastral (PIC)\u00a0 L&#8217;Ajuntament de la Font d&#8217;en Carr\u00f2s s&#8217;establix com a Punt d&#8217;Informaci\u00f3 Cadastral (PIC) a partir del 21 de gener del 2008. Des d&#8217;eixa data funciona com a entitat autoritzada per a la prestaci\u00f3 del servici de consulta i certificaci\u00f3 de dades cadastrals que consten en la Base de Dades Nacionals del&hellip;","_links":{"self":[{"href":"https:\/\/www.lafontdencarros.es\/en\/wp-json\/wp\/v2\/pages\/4796","targetHints":{"allow":["GET"]}}],"collection":[{"href":"https:\/\/www.lafontdencarros.es\/en\/wp-json\/wp\/v2\/pages"}],"about":[{"href":"https:\/\/www.lafontdencarros.es\/en\/wp-json\/wp\/v2\/types\/page"}],"author":[{"embeddable":true,"href":"https:\/\/www.lafontdencarros.es\/en\/wp-json\/wp\/v2\/users\/1"}],"replies":[{"embeddable":true,"href":"https:\/\/www.lafontdencarros.es\/en\/wp-json\/wp\/v2\/comments?post=4796"}],"version-history":[{"count":1,"href":"https:\/\/www.lafontdencarros.es\/en\/wp-json\/wp\/v2\/pages\/4796\/revisions"}],"predecessor-version":[{"id":7181,"href":"https:\/\/www.lafontdencarros.es\/en\/wp-json\/wp\/v2\/pages\/4796\/revisions\/7181"}],"up":[{"embeddable":true,"href":"https:\/\/www.lafontdencarros.es\/en\/wp-json\/wp\/v2\/pages\/4792"}],"wp:attachment":[{"href":"https:\/\/www.lafontdencarros.es\/en\/wp-json\/wp\/v2\/media?parent=4796"}],"curies":[{"name":"wp","href":"https:\/\/api.w.org\/{rel}","templated":true}]}}